{"id":406,"date":"2024-03-07T08:49:29","date_gmt":"2024-03-07T08:49:29","guid":{"rendered":"https:\/\/demo.casethemes.net\/medigo\/?page_id=406"},"modified":"2026-04-04T00:08:01","modified_gmt":"2026-04-04T00:08:01","slug":"contact-us","status":"publish","type":"page","link":"https:\/\/salubrisecuador.com\/?page_id=406","title":{"rendered":"cont\u00e1ctanos"},"content":{"rendered":"\t\t<div data-elementor-type=\"wp-page\" data-elementor-id=\"406\" class=\"elementor elementor-406\" data-elementor-post-type=\"page\">\n\t\t\t\t        <section class=\"elementor-section elementor-top-section elementor-element elementor-element-5ed7675 elementor-section-stretched elementor-section-boxed elementor-section-height-default elementor-section-height-default pxl-row-scroll-none pxl-bg-color-none pxl-section-overlay-none pxl-column-overflow-hidden-no\" data-id=\"5ed7675\" data-element_type=\"section\" data-e-type=\"section\" data-settings=\"{&quot;stretch_section&quot;:&quot;section-stretched&quot;}\">\n\n                \n        <div class=\"pxl-section-effect-images\"><img decoding=\"async\" data-parallax-value=\"\" data-parallax=\"{&quot;x&quot;:-80}\" class=\"pxl-item--image elementor-repeater-item-85be02b pxl-parallax-scroll  pxl-hide-sr-md pxl-hide-sr-sm\" src=\"https:\/\/demo.casethemes.net\/medigo\/wp-content\/uploads\/2024\/03\/contact-after.png\" \/><\/div>        <div class=\"elementor-container elementor-column-gap-extended \">\n                <div class=\"elementor-column elementor-col-50 elementor-top-column elementor-element elementor-element-aab9199 pxl-col-overflow-none pxl-column-none pxl-section-offset-none\" data-id=\"aab9199\" data-element_type=\"column\" data-e-type=\"column\">\r\n        <div class=\"elementor-widget-wrap elementor-element-populated\">\r\n                     \r\n        \t\t<div class=\"elementor-element elementor-element-d5e3d08 elementor-widget elementor-widget-pxl_image\" data-id=\"d5e3d08\" data-element_type=\"widget\" data-e-type=\"widget\" data-widget_type=\"pxl_image.default\">\n\t\t\t\t<div class=\"elementor-widget-container\">\n\t\t\t\t\t<div id=\"pxl_image-d5e3d08-3365\" class=\"pxl-image-single pxl-disable-parallax-sm   wow skewIn\" data-wow-delay=\"ms\"  >\r\n    <div class=\"pxl-item--inner\" data-wow-delay=\"120ms\">\r\n                \r\n                                <div class=\"pxl-item--image\" data-parallax-value=\"\">\r\n                                                                                                                        <\/div>\r\n                                <\/div>\r\n<\/div>\t\t\t\t<\/div>\n\t\t\t\t<\/div>\n\t\t            <\/div>\r\n        <\/div>\r\n                <div class=\"elementor-column elementor-col-50 elementor-top-column elementor-element elementor-element-b41c9b5 pxl-col-overflow-none pxl-column-none pxl-section-offset-none\" data-id=\"b41c9b5\" data-element_type=\"column\" data-e-type=\"column\">\r\n        <div class=\"elementor-widget-wrap elementor-element-populated\">\r\n                     \r\n        \t\t<div class=\"elementor-element elementor-element-9bdb6b2 elementor-widget elementor-widget-pxl_heading\" data-id=\"9bdb6b2\" data-element_type=\"widget\" data-e-type=\"widget\" data-widget_type=\"pxl_heading.default\">\n\t\t\t\t<div class=\"elementor-widget-container\">\n\t\t\t\t\t\n<div id=\"pxl-pxl_heading-9bdb6b2-4877\" class=\"pxl-heading px-sub-title-default-style \">\n\t<div class=\"pxl-heading--inner\">\n\t\t\t\t\t<div class=\"pxl-item--subtitle px-sub-title-default \" data-wow-delay=\"ms\">\n\t\t\t\t\t\t\t\t\t<div class=\"pxl-item--icon\">\n\t\t\t\t\t\t\t\t\t\t\t<\/div>\n\t\t\t\t\t\t\t\t<span class=\"pxl-item--subtext\">\n\t\t\t\t\t\t\t\t\t\tContact Information\t\t\t\t<\/span>\n\t\t\t<\/div>\n\t\t\n\t\t<h2 class=\"pxl-item--title style-default highlight-default pxl-split-text split-in-right\" data-wow-delay=\"ms\">\n\t\t\n\t\t\n\t\t<span class=\"pxl-heading--text\">\n\n\t\t\t\t\t\t\tCont\u00e1ctanos\t\n\t\t\t\t\n\n\t\t<\/span>\n\t\t<\/h2>\n\t\t\n\t<\/div>\n<\/div>\t\t\t\t<\/div>\n\t\t\t\t<\/div>\n\t\t\t\t<div class=\"elementor-element elementor-element-4a0b7c8 elementor-widget elementor-widget-pxl_text_editor\" data-id=\"4a0b7c8\" data-element_type=\"widget\" data-e-type=\"widget\" data-widget_type=\"pxl_text_editor.default\">\n\t\t\t\t<div class=\"elementor-widget-container\">\n\t\t\t\t\t<div class=\"pxl-text-editor\">\n\t<div class=\"pxl-item--inner  \" data-wow-delay=\"ms\">\n\t\t<p>En Salubris nos preocupamos por tu bienestar.<br data-start=\"653\" data-end=\"656\" \/>Si necesitas agendar una cita, realizar una consulta o recibir informaci\u00f3n sobre nuestros servicios m\u00e9dicos, nuestro equipo est\u00e1 listo para ayudarte de manera r\u00e1pida y confiable.<\/p>\t\t\n\t<\/div>\n<\/div>\t\t\t\t<\/div>\n\t\t\t\t<\/div>\n\t\t        <section class=\"elementor-section elementor-inner-section elementor-element elementor-element-5aa0410 elementor-section-boxed elementor-section-height-default elementor-section-height-default pxl-row-scroll-none pxl-bg-color-none pxl-section-overlay-none pxl-column-overflow-hidden-no\" data-id=\"5aa0410\" data-element_type=\"section\" data-e-type=\"section\">\n\n                \n                <div class=\"elementor-container elementor-column-gap-extended \">\n                <div class=\"elementor-column elementor-col-50 elementor-inner-column elementor-element elementor-element-5a29c3c pxl-col-overflow-none pxl-column-none pxl-section-offset-none\" data-id=\"5a29c3c\" data-element_type=\"column\" data-e-type=\"column\">\r\n        <div class=\"elementor-widget-wrap elementor-element-populated\">\r\n                     \r\n        \t\t<div class=\"elementor-element elementor-element-00fad9b elementor-widget elementor-widget-pxl_contact_info\" data-id=\"00fad9b\" data-element_type=\"widget\" data-e-type=\"widget\" data-widget_type=\"pxl_contact_info.default\">\n\t\t\t\t<div class=\"elementor-widget-container\">\n\t\t\t\t\t<div class=\"pxl-contact-info pxl-contact-info1  style-1\" data-wow-delay=\"ms\">\r\n\t\t\t<div class=\"pxl-item--icon\">\r\n\t\t\t\t\t\t\t\t<\/div>\r\n\t\t\t\t\t\t<h5 class=\"pxl-item--text\">\r\n\t\t\t<span>Ubicaci\u00f3n<\/span>\r\n\t\t<\/h5>\r\n\t\t\t\t<div class=\"pxl-item--desc\">\r\n\t\t\tPortoviejo, Manab\u00ed, Ecuador\nAtenci\u00f3n m\u00e9dica cerca de ti\t\t<\/div>\r\n\t\t\t\t\t<div class=\"pxl-item--map\">\r\n\t\t\t<div class=\"pxl-map--inner\">\r\n\t\t\t\t<iframe src=\"https:\/\/www.google.com\/maps\/embed?pb=!1m18!1m12!1m3!1d9933.997062527958!2d-0.1382084128417528!3d51.50405580000002!2m3!1f0!2f0!3f0!3m2!1i1024!2i768!4f13.1!3m3!1m2!1s0x487605d3d7c52c3b%3A0x6260559435d235b6!2sThe%20Queen%E2%80%99s%20Walk%20~%20Westminster%20Bridge!5e0!3m2!1svi!2s!4v1709804160771!5m2!1svi!2s\" width=\"600\" height=\"450\" style=\"border:0;\" allowfullscreen=\"\" loading=\"lazy\" referrerpolicy=\"no-referrer-when-downgrade\"><\/iframe>\t\t\t<\/div>\r\n\t\t<\/div>\r\n\t\t<\/div>\t\t\t\t<\/div>\n\t\t\t\t<\/div>\n\t\t            <\/div>\r\n        <\/div>\r\n                <div class=\"elementor-column elementor-col-50 elementor-inner-column elementor-element elementor-element-9d342c2 pxl-col-overflow-none pxl-column-none pxl-section-offset-none\" data-id=\"9d342c2\" data-element_type=\"column\" data-e-type=\"column\">\r\n        <div class=\"elementor-widget-wrap elementor-element-populated\">\r\n                     \r\n        \t\t<div class=\"elementor-element elementor-element-68b5614 elementor-widget__width-auto elementor-widget elementor-widget-pxl_contact_info\" data-id=\"68b5614\" data-element_type=\"widget\" data-e-type=\"widget\" data-widget_type=\"pxl_contact_info.default\">\n\t\t\t\t<div class=\"elementor-widget-container\">\n\t\t\t\t\t<div class=\"pxl-contact-info pxl-contact-info1  style-1\" data-wow-delay=\"ms\">\r\n\t\t\t<div class=\"pxl-item--icon\">\r\n\t\t\t\t\t\t\t\t<\/div>\r\n\t\t\t\t\t\t<h5 class=\"pxl-item--text\">\r\n\t\t\t<span>Contacto<\/span>\r\n\t\t<\/h5>\r\n\t\t\t\t<div class=\"pxl-item--desc\">\r\n\t\t\t0988604772\t\t<\/div>\r\n\t\t\t\t<a class=\"pxl-item--link\" href=\"tel:+24 58796 5456 0076\"><\/a>\r\n\t\t\t<\/div>\t\t\t\t<\/div>\n\t\t\t\t<\/div>\n\t\t            <\/div>\r\n        <\/div>\r\n        \t\t\t<\/div>\n\t\t<\/section>\n\t\t            <\/div>\r\n        <\/div>\r\n        \t\t\t<\/div>\n\t\t<\/section>\n\t\t<div class=\"elementor-element elementor-element-4b36445 e-flex e-con-boxed e-con e-parent \" data-id=\"4b36445\" data-element_type=\"container\" data-e-type=\"container\">\t\t\t<div class=\"e-con-inner\">\r\n\t\t\t\t<div class=\"elementor-element elementor-element-e6587c7 elementor-widget elementor-widget-html\" data-id=\"e6587c7\" data-element_type=\"widget\" data-e-type=\"widget\" data-widget_type=\"html.default\">\n\t\t\t\t\t<a href=\"https:\/\/wa.me\/593988604772?text=Hola,%20quiero%20agendar%20una%20cita%20en%20Salubris\" \ntarget=\"_blank\"\nstyle=\"display:inline-block; padding:14px 28px; background:#25D366; color:white; border-radius:30px; text-decoration:none; font-weight:bold;\">\n\ud83d\udcac Agendar por WhatsApp\n<\/a>\t\t\t\t<\/div>\n\t\t\t\t\t<\/div>\r\n\t\t\t\t<\/div>\r\n\t\t        <section class=\"elementor-section elementor-top-section elementor-element elementor-element-84ec768 elementor-section-full_width elementor-section-stretched elementor-section-height-default elementor-section-height-default pxl-row-scroll-none pxl-full-content-with-space-none pxl-bg-color-none pxl-section-overlay-none pxl-column-overflow-hidden-no\" data-id=\"84ec768\" data-element_type=\"section\" data-e-type=\"section\" data-settings=\"{&quot;stretch_section&quot;:&quot;section-stretched&quot;}\">\n\n                \n                <div class=\"elementor-container elementor-column-gap-no \">\n                <div class=\"elementor-column elementor-col-100 elementor-top-column elementor-element elementor-element-07c99ac pxl-col-overflow-none pxl-column-none pxl-section-offset-none\" data-id=\"07c99ac\" data-element_type=\"column\" data-e-type=\"column\">\r\n        <div class=\"elementor-widget-wrap elementor-element-populated\">\r\n                     \r\n        \t\t<div class=\"elementor-element elementor-element-9cf3f60 elementor-widget elementor-widget-google_maps\" data-id=\"9cf3f60\" data-element_type=\"widget\" data-e-type=\"widget\" data-widget_type=\"google_maps.default\">\n\t\t\t\t\t\t\t<div class=\"elementor-custom-embed\">\n\t\t\t<iframe loading=\"lazy\"\n\t\t\t\t\tsrc=\"https:\/\/maps.google.com\/maps?q=Portoviejo%2C%20Manab%C3%AD%2C%20Ecuador&#038;t=m&#038;z=13&#038;output=embed&#038;iwloc=near\"\n\t\t\t\t\ttitle=\"Portoviejo, Manab\u00ed, Ecuador\"\n\t\t\t\t\taria-label=\"Portoviejo, Manab\u00ed, Ecuador\"\n\t\t\t><\/iframe>\n\t\t<\/div>\n\t\t\t\t\t\t<\/div>\n\t\t            <\/div>\r\n        <\/div>\r\n        \t\t\t<\/div>\n\t\t<\/section>\n\t\t<div class=\"elementor-element elementor-element-4d7f7bd e-flex e-con-boxed e-con e-parent \" data-id=\"4d7f7bd\" data-element_type=\"container\" data-e-type=\"container\">\t\t\t<div class=\"e-con-inner\">\r\n\t\t\t\t\t<\/div>\r\n\t\t\t\t<\/div>\r\n\t\t\t\t<\/div>\n\t\t","protected":false},"excerpt":{"rendered":"<p>Contact Information Cont\u00e1ctanos En Salubris nos preocupamos por tu bienestar.Si necesitas agendar una cita, realizar una consulta o recibir informaci\u00f3n sobre nuestros servicios m\u00e9dicos, nuestro equipo est\u00e1 listo para ayudarte de manera r\u00e1pida y confiable. Ubicaci\u00f3n Portoviejo, Manab\u00ed, Ecuador Atenci\u00f3n m\u00e9dica cerca de ti Contacto 0988604772 \ud83d\udcac Agendar por WhatsApp<\/p>\n","protected":false},"author":1,"featured_media":0,"parent":0,"menu_order":0,"comment_status":"closed","ping_status":"closed","template":"","meta":{"footnotes":""},"class_list":["post-406","page","type-page","status-publish","hentry"],"_links":{"self":[{"href":"https:\/\/salubrisecuador.com\/index.php?rest_route=\/wp\/v2\/pages\/406","targetHints":{"allow":["GET"]}}],"collection":[{"href":"https:\/\/salubrisecuador.com\/index.php?rest_route=\/wp\/v2\/pages"}],"about":[{"href":"https:\/\/salubrisecuador.com\/index.php?rest_route=\/wp\/v2\/types\/page"}],"author":[{"embeddable":true,"href":"https:\/\/salubrisecuador.com\/index.php?rest_route=\/wp\/v2\/users\/1"}],"replies":[{"embeddable":true,"href":"https:\/\/salubrisecuador.com\/index.php?rest_route=%2Fwp%2Fv2%2Fcomments&post=406"}],"version-history":[{"count":4,"href":"https:\/\/salubrisecuador.com\/index.php?rest_route=\/wp\/v2\/pages\/406\/revisions"}],"predecessor-version":[{"id":7250,"href":"https:\/\/salubrisecuador.com\/index.php?rest_route=\/wp\/v2\/pages\/406\/revisions\/7250"}],"wp:attachment":[{"href":"https:\/\/salubrisecuador.com\/index.php?rest_route=%2Fwp%2Fv2%2Fmedia&parent=406"}],"curies":[{"name":"wp","href":"https:\/\/api.w.org\/{rel}","templated":true}]}}